{"id":971,"date":"2020-10-27T07:48:53","date_gmt":"2020-10-27T07:48:53","guid":{"rendered":"http:\/\/huitnet.com\/crsp\/en\/?page_id=971"},"modified":"2021-02-24T11:00:33","modified_gmt":"2021-02-24T11:00:33","slug":"presentation","status":"publish","type":"page","link":"https:\/\/crsp.dz\/en\/presentation\/","title":{"rendered":"Presentation"},"content":{"rendered":"<div class=\"wpb-content-wrapper\"><p>[vc_row][vc_column width=&#8221;2\/5&#8243;][vc_single_image image=&#8221;25881&#8243; img_size=&#8221;full&#8221;][\/vc_column][vc_column width=&#8221;3\/5&#8243;][vc_column_text el_class=&#8221;custom-line&#8221;]<\/p>\n<h2 class=\"title-h2\"><span class=\"light\" style=\"letter-spacing: 6.64px;\">PERFORMANCE, <\/span><\/h2>\n<h3>EXCELLENCE, INNOVATION!<\/h3>\n<p>Le Centre de Recherche en Sciences Pharmaceutiques est un \u00e9tablissement public \u00e0 caract\u00e8re scientifique et technologique charg\u00e9 de la recherche scientifique, ce nouveau centre est charg\u00e9 de r\u00e9aliser, en \u00e9troite collaboration avec les institutions et structures relevant de ce secteur, des programmes de recherche scientifique et de d\u00e9veloppement technologique dans le domaine des sciences pharmaceutiques, notamment dans :<\/p>\n<ul>\n<li>La promotion de la recherche en mati\u00e8re de principe actif du m\u00e9dicament<\/li>\n<li>La ma\u00eetrise de l\u2019efficacit\u00e9 pharmaceutique \u00e9tablie \u00e0 partir de connaissances fondamentales<\/li>\n<li>La mod\u00e9lisation de l\u2019exposition aux m\u00e9dicaments et ses d\u00e9terminants<\/li>\n<li>Le d\u00e9veloppement de la pharmacologie, notamment en mati\u00e8re de pathologies chroniques<\/li>\n<li>le d\u00e9veloppement des biom\u00e9dicaments<\/li>\n<li>La mod\u00e9lisation et l\u2019optimisation des proc\u00e9d\u00e9s de fabrication des m\u00e9dicaments<\/li>\n<\/ul>\n<p>[\/vc_column_text][\/vc_column][\/vc_row][vc_row][vc_column][vc_column_text]<\/p>\n<p>[\/vc_column_text][vc_empty_space height=&#8221;80px&#8221;][\/vc_column][\/vc_row][vc_row][vc_column width=&#8221;1\/4&#8243;][vc_icon icon_fontawesome=&#8221;fas fa-atom&#8221; size=&#8221;xl&#8221; align=&#8221;center&#8221; css=&#8221;.vc_custom_1606656070787{margin-top: 0px !important;margin-bottom: 0px !important;border-top-width: 0px !important;padding-top: 25px !important;padding-bottom: 25px !important;}&#8221; link=&#8221;url:http%3A%2F%2Fcrsp.dz%2Fen%2Fmission%2F|title:Mission&#8221;][vc_column_text el_class=&#8221;box78&#8243;]<\/p>\n<h4 style=\"text-align: center;\"><a href=\"https:\/\/crsp.dz\/en\/mission\/\">Mission<\/a><\/h4>\n<p>[\/vc_column_text][\/vc_column][vc_column width=&#8221;1\/4&#8243;][vc_icon icon_fontawesome=&#8221;fas fa-arrows-alt&#8221; size=&#8221;xl&#8221; align=&#8221;center&#8221; css=&#8221;.vc_custom_1606656095803{margin-top: 0px !important;margin-bottom: 0px !important;border-top-width: 0px !important;padding-top: 25px !important;padding-bottom: 25px !important;}&#8221; link=&#8221;url:http%3A%2F%2Fcrsp.dz%2Fen%2Fmot-du-directeur%2F|title:Mot%20Du%20Directeur&#8221;][vc_column_text el_class=&#8221;box78&#8243;]<\/p>\n<h4 style=\"text-align: center;\"><a href=\"https:\/\/crsp.dz\/en\/mot-du-directeur\/\">MOT DU DIRECTEUR<\/a><\/h4>\n<p>[\/vc_column_text][\/vc_column][vc_column width=&#8221;1\/4&#8243;][vc_icon icon_fontawesome=&#8221;fas fa-sitemap&#8221; size=&#8221;xl&#8221; align=&#8221;center&#8221; css=&#8221;.vc_custom_1606656116116{margin-top: 0px !important;margin-bottom: 0px !important;border-top-width: 0px !important;padding-top: 25px !important;padding-bottom: 25px !important;}&#8221; link=&#8221;url:http%3A%2F%2Fcrsp.dz%2Fen%2Forganigramme%2F|title:Organigramme&#8221;][vc_column_text el_class=&#8221;box78&#8243;]<\/p>\n<h4 style=\"text-align: center;\"><a href=\"https:\/\/crsp.dz\/en\/organigramme\/\">ORGANIGRAMME<\/a><\/h4>\n<p>[\/vc_column_text][\/vc_column][vc_column width=&#8221;1\/4&#8243;][vc_icon icon_fontawesome=&#8221;fab fa-codepen&#8221; size=&#8221;xl&#8221; align=&#8221;center&#8221; css=&#8221;.vc_custom_1606656133157{margin-top: 0px !important;margin-bottom: 0px !important;border-top-width: 0px !important;padding-top: 25px !important;padding-bottom: 25px !important;}&#8221; link=&#8221;url:http%3A%2F%2Fcrsp.dz%2Fen%2Fcadre-reglementaire%2F|title:Cadre%20Reglementaire&#8221;][vc_column_text el_class=&#8221;box78&#8243;]<\/p>\n<h4 style=\"text-align: center;\"><a href=\"https:\/\/crsp.dz\/en\/cadre-reglementaire\/\">CADRE REGLEMENTAIRE<\/a><\/h4>\n<p>[\/vc_column_text][\/vc_column][\/vc_row][vc_row full_width=&#8221;stretch_row_content&#8221; css=&#8221;.vc_custom_1606036909490{margin-top: 0px !important;margin-right: 50px !important;margin-bottom: 0px !important;margin-left: 50px !important;padding-top: 60px !important;padding-bottom: 60px !important;background-image: url(https:\/\/crsp.dz\/wp-content\/uploads\/2020\/10\/bnrr.jpg?id=968) !important;}&#8221; el_class=&#8221;test78&#8243;][vc_column width=&#8221;1\/2&#8243;][vc_column_text css=&#8221;.vc_custom_1611747840591{padding-right: 20% !important;padding-left: 20% !important;}&#8221; el_class=&#8221;box-7&#8243;]<\/p>\n<h3 style=\"text-align: center;\"><span class=\"light\">RESEARCH DOMAINS<\/span><\/h3>\n<p>[\/vc_column_text][vc_progress_bar values=&#8221;%5B%7B%22label%22%3A%22Active%20ingredient%22%2C%22value%22%3A%22100%22%2C%22color%22%3A%22custom%22%2C%22customcolor%22%3A%22%23ffffff%22%2C%22customtxtcolor%22%3A%22%23000000%22%7D%2C%7B%22label%22%3A%22Drug%20design%20and%20molecular%20modeling%22%2C%22value%22%3A%22100%22%2C%22color%22%3A%22custom%22%2C%22customcolor%22%3A%22%23a8d0ee%22%2C%22customtxtcolor%22%3A%22%23000000%22%7D%2C%7B%22label%22%3A%22Drug%20d%C3%A9veloppement%20(synthesis%20and%20formulation)%22%2C%22value%22%3A%22100%22%2C%22color%22%3A%22custom%22%2C%22customcolor%22%3A%22%23ffffff%22%2C%22customtxtcolor%22%3A%22%23000000%22%7D%2C%7B%22label%22%3A%22Immunotechnology%20and%20biologic%20drugs%22%2C%22value%22%3A%22100%22%2C%22color%22%3A%22custom%22%2C%22customcolor%22%3A%22%23a8d0ee%22%2C%22customtxtcolor%22%3A%22%23000000%22%7D%2C%7B%22label%22%3A%22Animal%20experimentation%20and%20preclinical%20studies%22%2C%22value%22%3A%22100%22%2C%22color%22%3A%22custom%22%2C%22customcolor%22%3A%22%23ffffff%22%2C%22customtxtcolor%22%3A%22%23000000%22%7D%5D&#8221; bgcolor=&#8221;bar_blue&#8221; css=&#8221;.vc_custom_1611747768454{padding-right: 20% !important;padding-left: 20% !important;}&#8221;][\/vc_column][vc_column width=&#8221;1\/2&#8243;][\/vc_column][\/vc_row][vc_row full_width=&#8221;stretch_row&#8221; css=&#8221;.vc_custom_1605172388564{margin-top: 0px !important;margin-bottom: 0px !important;padding-bottom: 120px !important;background-image: url(https:\/\/crsp.dz\/wp-content\/uploads\/2020\/11\/about_us_img13.jpg?id=7660) !important;}&#8221;][vc_column][vc_column_text css=&#8221;.vc_custom_1606659524337{padding-top: 60px !important;padding-bottom: 60px !important;}&#8221; el_class=&#8221;con&#8221;]<\/p>\n<div class=\"wpb_text_column wpb_content_element \">\n<div class=\"wpb_wrapper\">\n<h3 class=\"title-h1\" style=\"text-align: center;\">Contactez nous<\/h3>\n<h5 style=\"text-align: center;\">Prenez contact avec nous<\/h5>\n<\/div>\n<\/div>\n<p>[\/vc_column_text][\/vc_column][\/vc_row][vc_row css=&#8221;.vc_custom_1605173498495{margin-top: 0px !important;border-top-width: 0px !important;padding-top: 0px !important;background-color: #dd3333 !important;}&#8221;][vc_column][vc_row_inner css=&#8221;.vc_custom_1605173477444{margin-top: -130px !important;background-color: #ffffff !important;}&#8221;][vc_column_inner width=&#8221;1\/3&#8243; css=&#8221;.vc_custom_1605172249388{margin-top: -110px !important;}&#8221;][vc_icon icon_fontawesome=&#8221;fas fa-map-marker-alt&#8221; background_style=&#8221;rounded&#8221; background_color=&#8221;white&#8221; size=&#8221;xl&#8221; align=&#8221;center&#8221; css=&#8221;.vc_custom_1605173696997{margin-top: 0px !important;margin-bottom: 0px !important;border-top-width: 0px !important;padding-top: 25px !important;padding-bottom: 25px !important;}&#8221;][vc_column_text el_class=&#8221;box78&#8243;]<\/p>\n<h4 style=\"text-align: center;\"><strong>LE CENTRE<\/strong><\/h4>\n<p style=\"text-align: center;\">Voir notre localisation<\/p>\n<p>[\/vc_column_text][vc_btn title=&#8221;Voir Map&#8221; style=&#8221;classic&#8221; color=&#8221;blue&#8221; align=&#8221;center&#8221; link=&#8221;url:http%3A%2F%2Fcrsp.dz%2Fen%2Fcontact%2F|title:Contact|target:_blank&#8221;][\/vc_column_inner][vc_column_inner width=&#8221;1\/3&#8243; css=&#8221;.vc_custom_1605173013128{margin-top: -110px !important;}&#8221;][vc_icon icon_fontawesome=&#8221;far fa-envelope&#8221; background_style=&#8221;rounded&#8221; background_color=&#8221;white&#8221; size=&#8221;xl&#8221; align=&#8221;center&#8221; css=&#8221;.vc_custom_1605173721395{margin-top: 0px !important;margin-bottom: 0px !important;border-top-width: 0px !important;padding-top: 25px !important;padding-bottom: 25px !important;}&#8221;][vc_column_text el_class=&#8221;box78&#8243;]<\/p>\n<h4 style=\"text-align: center;\"><strong>EMAIL<br \/>\n<\/strong><\/h4>\n<p style=\"text-align: center;\">Envoyer nous un message<\/p>\n<p>[\/vc_column_text][vc_btn title=&#8221;Envoyer Email&#8221; style=&#8221;classic&#8221; color=&#8221;blue&#8221; align=&#8221;center&#8221; link=&#8221;url:http%3A%2F%2Fcrsp.dz%2Fen%2Fcontact%2F|target:_blank&#8221;][\/vc_column_inner][vc_column_inner width=&#8221;1\/3&#8243; css=&#8221;.vc_custom_1605173021936{margin-top: -110px !important;}&#8221;][vc_icon icon_fontawesome=&#8221;fas fa-headset&#8221; background_style=&#8221;rounded&#8221; background_color=&#8221;white&#8221; size=&#8221;xl&#8221; align=&#8221;center&#8221; css=&#8221;.vc_custom_1605173756279{margin-top: 0px !important;margin-bottom: 0px !important;border-top-width: 0px !important;padding-top: 25px !important;padding-bottom: 25px !important;}&#8221;][vc_column_text el_class=&#8221;box78&#8243;]<\/p>\n<h4 style=\"text-align: center;\"><strong>ADMINISTRATION<\/strong><\/h4>\n<p style=\"text-align: center;\">Contactez notre administration<\/p>\n<p>[\/vc_column_text][vc_btn title=&#8221;Contact&#8221; style=&#8221;classic&#8221; color=&#8221;blue&#8221; align=&#8221;center&#8221; link=&#8221;url:http%3A%2F%2Fcrsp.dz%2Fen%2Fcontact%2F|target:_blank&#8221;][\/vc_column_inner][\/vc_row_inner][\/vc_column][\/vc_row]<\/p>\n<\/div>","protected":false},"excerpt":{"rendered":"<p>[vc_row][vc_column&#8230;<\/p>\n","protected":false},"author":1,"featured_media":0,"parent":0,"menu_order":0,"comment_status":"closed","ping_status":"closed","template":"","meta":{"footnotes":""},"class_list":["post-971","page","type-page","status-publish"],"_links":{"self":[{"href":"https:\/\/crsp.dz\/en\/wp-json\/wp\/v2\/pages\/971","targetHints":{"allow":["GET"]}}],"collection":[{"href":"https:\/\/crsp.dz\/en\/wp-json\/wp\/v2\/pages"}],"about":[{"href":"https:\/\/crsp.dz\/en\/wp-json\/wp\/v2\/types\/page"}],"author":[{"embeddable":true,"href":"https:\/\/crsp.dz\/en\/wp-json\/wp\/v2\/users\/1"}],"replies":[{"embeddable":true,"href":"https:\/\/crsp.dz\/en\/wp-json\/wp\/v2\/comments?post=971"}],"version-history":[{"count":0,"href":"https:\/\/crsp.dz\/en\/wp-json\/wp\/v2\/pages\/971\/revisions"}],"wp:attachment":[{"href":"https:\/\/crsp.dz\/en\/wp-json\/wp\/v2\/media?parent=971"}],"curies":[{"name":"wp","href":"https:\/\/api.w.org\/{rel}","templated":true}]}}