{"id":30808,"date":"2025-04-16T09:19:00","date_gmt":"2025-04-16T08:19:00","guid":{"rendered":"https:\/\/crsp.dz\/?page_id=30808"},"modified":"2025-04-21T11:43:56","modified_gmt":"2025-04-21T10:43:56","slug":"pharma-tisc","status":"publish","type":"page","link":"https:\/\/crsp.dz\/ar\/ecosysteme-dinnovation\/pharma-tisc\/","title":{"rendered":"Pharma TISC"},"content":{"rendered":"<div class=\"wpb-content-wrapper\"><p>[vc_row content_placement=&#8221;middle&#8221; css_animation=&#8221;bounceIn&#8221;][vc_column css=&#8221;.vc_custom_1745230970337{background-color: #96C9F6 !important;}&#8221;]<div class=\"thegem-te-heading thegem-custom-69f5c40f063d15972\" ><div id=\"thegem-heading-69f5c40f06368\" class=\"thegem-heading thegem-custom-heading-69f5c40f06364322 title-h1 vc_custom_1745231016702\" style=\"text-align: center;\" ><span class=\"light\">PHARMA TISC<\/span><\/div><style type=\"text\/css\">#thegem-heading-69f5c40f06368 {margin: 0;}#thegem-heading-69f5c40f06368 {margin-left: auto; margin-right: auto;}#thegem-heading-69f5c40f06368 > * {justify-content: center;}#thegem-heading-69f5c40f06368 a:hover, #thegem-heading-69f5c40f06368 a:hover span.colored {color: var(--thegem-to-menu-level1-color-hover, #00BCD4) !important;}<\/style><\/div><style>@media screen and (max-width: 1023px) {.thegem-heading.thegem-custom-heading-69f5c40f06364322{display: block!important;}}@media screen and (max-width: 767px) {.thegem-heading.thegem-custom-heading-69f5c40f06364322{display: block!important;}}@media screen and (max-width: 1023px) {.thegem-heading.thegem-custom-heading-69f5c40f06364322{position: relative !important;}}@media screen and (max-width: 767px) {.thegem-heading.thegem-custom-heading-69f5c40f06364322{position: relative !important;}}<\/style><div class=\"thegem-te-heading thegem-custom-69f5c40f064e55262\" ><div id=\"thegem-heading-69f5c40f064b8\" class=\"thegem-heading thegem-custom-heading-69f5c40f064b73837 text-body vc_custom_1745232227303\" style=\"text-align: center;\" ><span>\ud83d\udcd8 Guide d\u2019\u00e9valuation de l\u2019\u00e9ligibilit\u00e9 des inventions pharmaceutiques \u00e0 la protection par brevet<\/span><\/div><style type=\"text\/css\">#thegem-heading-69f5c40f064b8 {margin: 0;}#thegem-heading-69f5c40f064b8 {margin-left: auto; margin-right: auto;}#thegem-heading-69f5c40f064b8 > * {justify-content: center;}#thegem-heading-69f5c40f064b8 {max-width: 370px;}#thegem-heading-69f5c40f064b8 a:hover, #thegem-heading-69f5c40f064b8 a:hover span.colored {color: var(--thegem-to-menu-level1-color-hover, #00BCD4) !important;}<\/style><\/div><style>@media screen and (max-width: 1023px) {.thegem-heading.thegem-custom-heading-69f5c40f064b73837{display: block!important;}}@media screen and (max-width: 767px) {.thegem-heading.thegem-custom-heading-69f5c40f064b73837{display: block!important;}}@media screen and (max-width: 1023px) {.thegem-heading.thegem-custom-heading-69f5c40f064b73837{position: relative !important;}}@media screen and (max-width: 767px) {.thegem-heading.thegem-custom-heading-69f5c40f064b73837{position: relative !important;}}<\/style>[vc_separator css=&#8221;&#8221;][\/vc_column][vc_column width=&#8221;1\/2&#8243; css_animation=&#8221;flipInY&#8221; css=&#8221;.vc_custom_1745230211165{border-radius: 10px !important;}&#8221;][vc_column_text css=&#8221;&#8221;]<span style=\"color: #ff9900;\"><strong>Guide en fran\u00e7ais<\/strong><\/span>[\/vc_column_text][vc_single_image image=&#8221;30809&#8243; onclick=&#8221;custom_link&#8221; css=&#8221;&#8221; link=&#8221;https:\/\/crsp.dz\/wp-content\/uploads\/2025\/04\/Guide-de\u0301valuation-de-le\u0301ligibilite\u0301-des-inventions-pharmaceutiques-a\u0300-la-protection-par-brevet.pdf&#8221;]<div class=\"gem-button-container gem-button-position-inline thegem-button-69f5c40f0658b1762    \"  ><a class=\"gem-button gem-button-size-small gem-button-style-outline gem-button-text-weight-normal gem-button-border-2 gem-button-icon-position-left\" data-ll-effect=\"drop-right-without-wrap\" style=\"border-radius: 3px;\" onmouseleave=\"\" onmouseenter=\"\" href=\"https:\/\/crsp.dz\/wp-content\/uploads\/2025\/04\/Guide-de\u0301valuation-de-le\u0301ligibilite\u0301-des-inventions-pharmaceutiques-a\u0300-la-protection-par-brevet.pdf\" target=\"_self\"><i class=\"gem-print-icon gem-icon-pack-material \">&#xf595;<\/i>T\u00e9l\u00e9charger<\/a><\/div> [\/vc_column][vc_column width=&#8221;1\/2&#8243; css_animation=&#8221;flipInY&#8221;][vc_column_text css=&#8221;&#8221;]<\/p>\n<p style=\"text-align: center;\"><span style=\"color: #ff9900;\"><strong>Guide en Arabe<\/strong><\/span><\/p>\n<p>[\/vc_column_text][vc_single_image image=&#8221;30810&#8243; alignment=&#8221;center&#8221; onclick=&#8221;custom_link&#8221; css=&#8221;&#8221; link=&#8221;https:\/\/crsp.dz\/wp-content\/uploads\/2025\/04\/\u062f\u0644\u064a\u0644-\u062a\u0648\u062c\u064a\u0647\u064a-\u0644\u062a\u0642\u064a\u064a\u0645-\u0627\u0654\u0647\u0644\u064a\u0629-\u0627\u0644\u0627\u062e\u062a\u0631\u0627\u0639\u0627\u062a-\u0627\u0644\u0635\u064a\u062f\u0644\u0627\u0646\u064a\u0629-\u0644\u0644\u062d\u0645\u0627\u064a\u0629-\u0628\u0645\u0648\u062c\u0628-\u0628\u0631\u0627\u0621\u0629-\u0627\u0644\u0627\u062e\u062a\u0631\u0627\u0639.pdf&#8221;]<div class=\"gem-button-container gem-button-position-center thegem-button-69f5c40f066012557    \"  ><a class=\"gem-button gem-button-size-small gem-button-style-outline gem-button-text-weight-normal gem-button-border-2 gem-button-icon-position-left\" data-ll-effect=\"drop-right-without-wrap\" style=\"border-radius: 5px;\" onmouseleave=\"\" onmouseenter=\"\" href=\"https:\/\/crsp.dz\/wp-content\/uploads\/2025\/04\/\u062f\u0644\u064a\u0644-\u062a\u0648\u062c\u064a\u0647\u064a-\u0644\u062a\u0642\u064a\u064a\u0645-\u0627\u0654\u0647\u0644\u064a\u0629-\u0627\u0644\u0627\u062e\u062a\u0631\u0627\u0639\u0627\u062a-\u0627\u0644\u0635\u064a\u062f\u0644\u0627\u0646\u064a\u0629-\u0644\u0644\u062d\u0645\u0627\u064a\u0629-\u0628\u0645\u0648\u062c\u0628-\u0628\u0631\u0627\u0621\u0629-\u0627\u0644\u0627\u062e\u062a\u0631\u0627\u0639.pdf\" target=\"_self\"><i class=\"gem-print-icon gem-icon-pack-material \">&#xf595;<\/i>\u062a\u062d\u0645\u064a\u0644<\/a><\/div> [\/vc_column][\/vc_row]<\/p>\n<\/div>","protected":false},"excerpt":{"rendered":"<p>[vc_row&#8230;<\/p>\n","protected":false},"author":94,"featured_media":0,"parent":30802,"menu_order":0,"comment_status":"closed","ping_status":"closed","template":"","meta":{"footnotes":""},"class_list":["post-30808","page","type-page","status-publish"],"_links":{"self":[{"href":"https:\/\/crsp.dz\/ar\/wp-json\/wp\/v2\/pages\/30808","targetHints":{"allow":["GET"]}}],"collection":[{"href":"https:\/\/crsp.dz\/ar\/wp-json\/wp\/v2\/pages"}],"about":[{"href":"https:\/\/crsp.dz\/ar\/wp-json\/wp\/v2\/types\/page"}],"author":[{"embeddable":true,"href":"https:\/\/crsp.dz\/ar\/wp-json\/wp\/v2\/users\/94"}],"replies":[{"embeddable":true,"href":"https:\/\/crsp.dz\/ar\/wp-json\/wp\/v2\/comments?post=30808"}],"version-history":[{"count":0,"href":"https:\/\/crsp.dz\/ar\/wp-json\/wp\/v2\/pages\/30808\/revisions"}],"up":[{"embeddable":true,"href":"https:\/\/crsp.dz\/ar\/wp-json\/wp\/v2\/pages\/30802"}],"wp:attachment":[{"href":"https:\/\/crsp.dz\/ar\/wp-json\/wp\/v2\/media?parent=30808"}],"curies":[{"name":"wp","href":"https:\/\/api.w.org\/{rel}","templated":true}]}}